{"id":3,"date":"2023-06-24T05:49:20","date_gmt":"2023-06-24T05:49:20","guid":{"rendered":"https:\/\/new.lapostezinal.ch\/?page_id=3"},"modified":"2023-09-25T11:37:12","modified_gmt":"2023-09-25T09:37:12","slug":"politique-de-confidentialite","status":"publish","type":"page","link":"https:\/\/lapostezinal.ch\/en\/politique-de-confidentialite\/","title":{"rendered":"Privacy Policy"},"content":{"rendered":"<h4>25 septembre 2023<\/h4>\n<p>En acc\u00e9dant aux informations, indications ou documents pr\u00e9sents sur le site Internet PENSION DE LA POSTE, vous acceptez de respecter les conditions suivantes. Evennaz S\u00e0rl, soci\u00e9t\u00e9 d&rsquo;exploitation de la Pension de la Poste, se r\u00e9serve le droit de modifier, compl\u00e9ter ou supprimer tout ou partie du contenu du site Internet ou des conditions pr\u00e9sentes \u00e0 tout moment, \u00e0 sa seule discr\u00e9tion.<\/p>\n<h4>Droits d\u2019auteur<\/h4>\n<p>Le contenu int\u00e9gral (textes, graphisme, photos, etc.) du site est prot\u00e9g\u00e9 par le droit d\u2019auteur et est la propri\u00e9t\u00e9 exclusive et totale de Evennaz S\u00e0rl, sauf indication contraire. Les droits de propri\u00e9t\u00e9 de tiers susceptibles d\u2019\u00eatre indiqu\u00e9s sur le site doivent \u00e9galement \u00eatre respect\u00e9s.<\/p>\n<p>Evennaz S\u00e0rl fournit les informations sur le site exclusivement pour un usage priv\u00e9 et informatif.<\/p>\n<p>Il est autoris\u00e9 de t\u00e9l\u00e9charger, d\u2019enregistrer, d\u2019imprimer ou de reproduire certaines pages et\/ou parties du site, \u00e0 condition de ne pas supprimer les mentions de copyright ou d\u2019autres d\u00e9signations prot\u00e9g\u00e9es par la loi. Evennaz S\u00e0rl conserve tous les droits de propri\u00e9t\u00e9 et d\u2019utilisation et peut r\u00e9voquer cette autorisation \u00e0 tout moment.<\/p>\n<p>Toute reproduction (partielle ou totale), diffusion, modification ou utilisation des informations \u00e0 des fins publiques ou commerciales n\u00e9cessite l\u2019autorisation \u00e9crite pr\u00e9alable d\u2019Evennaz S\u00e0rl.<\/p>\n<h4>Exclusion de garantie<\/h4>\n<p>Bien qu\u2019Evennaz S\u00e0rl fasse tous les efforts n\u00e9cessaires pour garantir la fiabilit\u00e9 des informations au moment de leur publication, l\u2019entreprise ne peut certifier, pr\u00e9ciser ou implicitement l\u2019exactitude, la fiabilit\u00e9 et l\u2019exhaustivit\u00e9 des informations sur le site.<\/p>\n<p>Les opinions et autres informations contenues sur le site peuvent \u00eatre modifi\u00e9es sans pr\u00e9avis. Evennaz S\u00e0rl d\u00e9cline toute responsabilit\u00e9 pour les fonctionnalit\u00e9s du site ou pour la pr\u00e9sence d\u2019\u00e9l\u00e9ments nuisibles comme des virus dans le navigateur de l\u2019utilisateur.<\/p>\n<h4>Limite de responsabilit\u00e9<\/h4>\n<p>Evennaz S\u00e0rl d\u00e9cline toute responsabilit\u00e9 pour les dommages directs, indirects ou cons\u00e9cutifs li\u00e9s \u00e0 l\u2019acc\u00e8s au site ou \u00e0 son utilisation, ou encore li\u00e9s \u00e0 l\u2019acc\u00e8s \u00e0 des sites tiers via des liens.<\/p>\n<h4>Liens vers d\u2019autres sites<\/h4>\n<p>Le site peut contenir des liens vers des sites tiers. Evennaz S\u00e0rl n\u2019a aucun contr\u00f4le sur ces sites et n\u2019est pas responsable de leur contenu ou de leur fonctionnement.<\/p>\n<h4>Protection des donn\u00e9es<\/h4>\n<p>Nous accordons une grande importance \u00e0 la protection des donn\u00e9es. Nous traitons vos donn\u00e9es personnelles de mani\u00e8re confidentielle et en accord avec les lois en vigueur. Vos donn\u00e9es ne sont transmises \u00e0 des tiers que dans un format anonyme ou si vous nous avez donn\u00e9 votre accord explicite.<\/p>\n<h4>Cookies<\/h4>\n<p>Ce site web utilise des cookies pour offrir aux utilisateurs des options et des fonctions am\u00e9lior\u00e9es pour interagir avec du contenu, des r\u00e9seaux et des plateformes externes; ainsi que pour mesurer le trafic en ligne et analyser le comporter afin d&rsquo;am\u00e9liorer le service.<\/p>\n<h4>Google Analytics<\/h4>\n<p>Ce site utilise Google Analytics, un service d\u2019analyse de site internet fourni par Google Inc. En utilisant ce site, vous consentez au traitement de vos donn\u00e9es par Google dans les conditions et pour les finalit\u00e9s d\u00e9crites dans ce document.<\/p>\n<h4>Formulaire de contact<\/h4>\n<p>Lors de l&rsquo;envoi de demandes via le formulaire de contact, vos coordonn\u00e9es et les donn\u00e9es fournies seront conserv\u00e9es afin de traiter votre demande. Ces donn\u00e9es ne seront pas transmises \u00e0 des tiers sans votre consentement.<\/p>","protected":false},"excerpt":{"rendered":"<p>25 septembre 2023 En acc\u00e9dant aux informations, indications ou documents pr\u00e9sents sur le site Internet PENSION DE LA POSTE, vous [&hellip;]<\/p>\n","protected":false},"author":1,"featured_media":0,"parent":0,"menu_order":0,"comment_status":"closed","ping_status":"open","template":"","meta":{"_monsterinsights_skip_tracking":false,"_monsterinsights_sitenote_active":false,"_monsterinsights_sitenote_note":"","_monsterinsights_sitenote_category":0,"footnotes":""},"class_list":["post-3","page","type-page","status-publish","hentry"],"yoast_head":"<!-- This site is optimized with the Yoast SEO plugin v27.4 - https:\/\/yoast.com\/product\/yoast-seo-wordpress\/ -->\n<title>Politique de confidentialit\u00e9 | Pension de la Poste | Zinal<\/title>\n<meta name=\"robots\" content=\"index, follow, max-snippet:-1, max-image-preview:large, max-video-preview:-1\" \/>\n<link rel=\"canonical\" href=\"https:\/\/lapostezinal.ch\/en\/politique-de-confidentialite\/\" \/>\n<meta property=\"og:locale\" content=\"en_US\" \/>\n<meta property=\"og:type\" content=\"article\" \/>\n<meta property=\"og:title\" content=\"Politique de confidentialit\u00e9 | Pension de la Poste | Zinal\" \/>\n<meta property=\"og:description\" content=\"25 septembre 2023 En acc\u00e9dant aux informations, indications ou documents pr\u00e9sents sur le site Internet PENSION DE LA POSTE, vous [&hellip;]\" \/>\n<meta property=\"og:url\" content=\"https:\/\/lapostezinal.ch\/en\/politique-de-confidentialite\/\" \/>\n<meta property=\"og:site_name\" content=\"Pension de la Poste | Zinal\" \/>\n<meta property=\"article:publisher\" content=\"https:\/\/www.facebook.com\/lapostezinal\" \/>\n<meta property=\"article:modified_time\" content=\"2023-09-25T09:37:12+00:00\" \/>\n<meta property=\"og:image\" content=\"https:\/\/lapostezinal.ch\/wp-content\/uploads\/2023\/07\/Poste_9901-1-scaled.jpg\" \/>\n\t<meta property=\"og:image:width\" content=\"2560\" \/>\n\t<meta property=\"og:image:height\" content=\"1596\" \/>\n\t<meta property=\"og:image:type\" content=\"image\/jpeg\" \/>\n<meta name=\"twitter:card\" content=\"summary_large_image\" \/>\n<meta name=\"twitter:label1\" content=\"Est. reading time\" \/>\n\t<meta name=\"twitter:data1\" content=\"3 minutes\" \/>\n<script type=\"application\/ld+json\" class=\"yoast-schema-graph\">{\"@context\":\"https:\\\/\\\/schema.org\",\"@graph\":[{\"@type\":\"WebPage\",\"@id\":\"https:\\\/\\\/lapostezinal.ch\\\/politique-de-confidentialite\\\/\",\"url\":\"https:\\\/\\\/lapostezinal.ch\\\/politique-de-confidentialite\\\/\",\"name\":\"Politique de confidentialit\u00e9 | Pension de la Poste | Zinal\",\"isPartOf\":{\"@id\":\"https:\\\/\\\/lapostezinal.ch\\\/#website\"},\"datePublished\":\"2023-06-24T05:49:20+00:00\",\"dateModified\":\"2023-09-25T09:37:12+00:00\",\"breadcrumb\":{\"@id\":\"https:\\\/\\\/lapostezinal.ch\\\/politique-de-confidentialite\\\/#breadcrumb\"},\"inLanguage\":\"en-US\",\"potentialAction\":[{\"@type\":\"ReadAction\",\"target\":[\"https:\\\/\\\/lapostezinal.ch\\\/politique-de-confidentialite\\\/\"]}]},{\"@type\":\"BreadcrumbList\",\"@id\":\"https:\\\/\\\/lapostezinal.ch\\\/politique-de-confidentialite\\\/#breadcrumb\",\"itemListElement\":[{\"@type\":\"ListItem\",\"position\":1,\"name\":\"Accueil\",\"item\":\"https:\\\/\\\/lapostezinal.ch\\\/\"},{\"@type\":\"ListItem\",\"position\":2,\"name\":\"Politique de confidentialit\u00e9\"}]},{\"@type\":\"WebSite\",\"@id\":\"https:\\\/\\\/lapostezinal.ch\\\/#website\",\"url\":\"https:\\\/\\\/lapostezinal.ch\\\/\",\"name\":\"Pension de la Poste | Zinal\",\"description\":\"H\u00f4tel &amp; restaurant | Zinal\",\"publisher\":{\"@id\":\"https:\\\/\\\/lapostezinal.ch\\\/#organization\"},\"alternateName\":\"La Poste- Zinal\",\"potentialAction\":[{\"@type\":\"SearchAction\",\"target\":{\"@type\":\"EntryPoint\",\"urlTemplate\":\"https:\\\/\\\/lapostezinal.ch\\\/?s={search_term_string}\"},\"query-input\":{\"@type\":\"PropertyValueSpecification\",\"valueRequired\":true,\"valueName\":\"search_term_string\"}}],\"inLanguage\":\"en-US\"},{\"@type\":\"Organization\",\"@id\":\"https:\\\/\\\/lapostezinal.ch\\\/#organization\",\"name\":\"Pension de la Poste | Zinal\",\"alternateName\":\"La Poste\",\"url\":\"https:\\\/\\\/lapostezinal.ch\\\/\",\"logo\":{\"@type\":\"ImageObject\",\"inLanguage\":\"en-US\",\"@id\":\"https:\\\/\\\/lapostezinal.ch\\\/#\\\/schema\\\/logo\\\/image\\\/\",\"url\":\"https:\\\/\\\/new.lapostezinal.ch\\\/wp-content\\\/uploads\\\/2023\\\/07\\\/Pension-de-la-Poste.png\",\"contentUrl\":\"https:\\\/\\\/new.lapostezinal.ch\\\/wp-content\\\/uploads\\\/2023\\\/07\\\/Pension-de-la-Poste.png\",\"width\":513,\"height\":513,\"caption\":\"Pension de la Poste | Zinal\"},\"image\":{\"@id\":\"https:\\\/\\\/lapostezinal.ch\\\/#\\\/schema\\\/logo\\\/image\\\/\"},\"sameAs\":[\"https:\\\/\\\/www.facebook.com\\\/lapostezinal\",\"https:\\\/\\\/www.instagram.com\\\/chevallazchristophe\\\/\"]}]}<\/script>\n<!-- \/ Yoast SEO plugin. -->","yoast_head_json":{"title":"Politique de confidentialit\u00e9 | Pension de la Poste | Zinal","robots":{"index":"index","follow":"follow","max-snippet":"max-snippet:-1","max-image-preview":"max-image-preview:large","max-video-preview":"max-video-preview:-1"},"canonical":"https:\/\/lapostezinal.ch\/en\/politique-de-confidentialite\/","og_locale":"en_US","og_type":"article","og_title":"Politique de confidentialit\u00e9 | Pension de la Poste | Zinal","og_description":"25 septembre 2023 En acc\u00e9dant aux informations, indications ou documents pr\u00e9sents sur le site Internet PENSION DE LA POSTE, vous [&hellip;]","og_url":"https:\/\/lapostezinal.ch\/en\/politique-de-confidentialite\/","og_site_name":"Pension de la Poste | Zinal","article_publisher":"https:\/\/www.facebook.com\/lapostezinal","article_modified_time":"2023-09-25T09:37:12+00:00","og_image":[{"width":2560,"height":1596,"url":"https:\/\/lapostezinal.ch\/wp-content\/uploads\/2023\/07\/Poste_9901-1-scaled.jpg","type":"image\/jpeg"}],"twitter_card":"summary_large_image","twitter_misc":{"Est. reading time":"3 minutes"},"schema":{"@context":"https:\/\/schema.org","@graph":[{"@type":"WebPage","@id":"https:\/\/lapostezinal.ch\/politique-de-confidentialite\/","url":"https:\/\/lapostezinal.ch\/politique-de-confidentialite\/","name":"Politique de confidentialit\u00e9 | Pension de la Poste | Zinal","isPartOf":{"@id":"https:\/\/lapostezinal.ch\/#website"},"datePublished":"2023-06-24T05:49:20+00:00","dateModified":"2023-09-25T09:37:12+00:00","breadcrumb":{"@id":"https:\/\/lapostezinal.ch\/politique-de-confidentialite\/#breadcrumb"},"inLanguage":"en-US","potentialAction":[{"@type":"ReadAction","target":["https:\/\/lapostezinal.ch\/politique-de-confidentialite\/"]}]},{"@type":"BreadcrumbList","@id":"https:\/\/lapostezinal.ch\/politique-de-confidentialite\/#breadcrumb","itemListElement":[{"@type":"ListItem","position":1,"name":"Accueil","item":"https:\/\/lapostezinal.ch\/"},{"@type":"ListItem","position":2,"name":"Politique de confidentialit\u00e9"}]},{"@type":"WebSite","@id":"https:\/\/lapostezinal.ch\/#website","url":"https:\/\/lapostezinal.ch\/","name":"Pension de la Poste | Zinal","description":"H\u00f4tel &amp; restaurant | Zinal","publisher":{"@id":"https:\/\/lapostezinal.ch\/#organization"},"alternateName":"La Poste- Zinal","potentialAction":[{"@type":"SearchAction","target":{"@type":"EntryPoint","urlTemplate":"https:\/\/lapostezinal.ch\/?s={search_term_string}"},"query-input":{"@type":"PropertyValueSpecification","valueRequired":true,"valueName":"search_term_string"}}],"inLanguage":"en-US"},{"@type":"Organization","@id":"https:\/\/lapostezinal.ch\/#organization","name":"Pension de la Poste | Zinal","alternateName":"La Poste","url":"https:\/\/lapostezinal.ch\/","logo":{"@type":"ImageObject","inLanguage":"en-US","@id":"https:\/\/lapostezinal.ch\/#\/schema\/logo\/image\/","url":"https:\/\/new.lapostezinal.ch\/wp-content\/uploads\/2023\/07\/Pension-de-la-Poste.png","contentUrl":"https:\/\/new.lapostezinal.ch\/wp-content\/uploads\/2023\/07\/Pension-de-la-Poste.png","width":513,"height":513,"caption":"Pension de la Poste | Zinal"},"image":{"@id":"https:\/\/lapostezinal.ch\/#\/schema\/logo\/image\/"},"sameAs":["https:\/\/www.facebook.com\/lapostezinal","https:\/\/www.instagram.com\/chevallazchristophe\/"]}]}},"_links":{"self":[{"href":"https:\/\/lapostezinal.ch\/en\/wp-json\/wp\/v2\/pages\/3","targetHints":{"allow":["GET"]}}],"collection":[{"href":"https:\/\/lapostezinal.ch\/en\/wp-json\/wp\/v2\/pages"}],"about":[{"href":"https:\/\/lapostezinal.ch\/en\/wp-json\/wp\/v2\/types\/page"}],"author":[{"embeddable":true,"href":"https:\/\/lapostezinal.ch\/en\/wp-json\/wp\/v2\/users\/1"}],"replies":[{"embeddable":true,"href":"https:\/\/lapostezinal.ch\/en\/wp-json\/wp\/v2\/comments?post=3"}],"version-history":[{"count":6,"href":"https:\/\/lapostezinal.ch\/en\/wp-json\/wp\/v2\/pages\/3\/revisions"}],"predecessor-version":[{"id":117996,"href":"https:\/\/lapostezinal.ch\/en\/wp-json\/wp\/v2\/pages\/3\/revisions\/117996"}],"wp:attachment":[{"href":"https:\/\/lapostezinal.ch\/en\/wp-json\/wp\/v2\/media?parent=3"}],"curies":[{"name":"wp","href":"https:\/\/api.w.org\/{rel}","templated":true}]}}